{"id":2,"date":"2025-12-03T15:22:04","date_gmt":"2025-12-03T15:22:04","guid":{"rendered":"https:\/\/freeassur.fr\/?page_id=2"},"modified":"2025-12-03T20:24:05","modified_gmt":"2025-12-03T20:24:05","slug":"sample-page","status":"publish","type":"page","link":"https:\/\/freeassur.fr\/?page_id=2","title":{"rendered":"NOUS CONTACTER"},"content":{"rendered":"<div class='fluentform ff-default fluentform_wrapper_3 ffs_default_wrap'><form data-form_id=\"3\" id=\"fluentform_3\" class=\"frm-fluent-form fluent_form_3 ff-el-form-top ff_form_instance_3_1 ff-form-loading ffs_default\" data-form_instance=\"ff_form_instance_3_1\" method=\"POST\" ><fieldset  style=\"border: none!important;margin: 0!important;padding: 0!important;background-color: transparent!important;box-shadow: none!important;outline: none!important; min-inline-size: 100%;\">\n                    <legend class=\"ff_screen_reader_title\" style=\"display: block; margin: 0!important;padding: 0!important;height: 0!important;text-indent: -999999px;width: 0!important;overflow:hidden;\">Support Form (#3)<\/legend><input type='hidden' name='__fluent_form_embded_post_id' value='2' \/><input type=\"hidden\" id=\"_fluentform_3_fluentformnonce\" name=\"_fluentform_3_fluentformnonce\" value=\"7502bfa5d7\" \/><input type=\"hidden\" name=\"_wp_http_referer\" value=\"\/index.php?rest_route=%2Fwp%2Fv2%2Fpages%2F2\" \/><div class='ff-el-group  ff-custom_html' tabindex='-1' data-name=\"custom_html-3_1\" ><p>Pour toute demande, vous pouvez nous contacter directement au : 01 39 92 07 57<\/p><\/div><div data-type=\"name-element\" data-name=\"names_1\" class=\" ff-field_container ff-name-field-wrapper\" ><div class='ff-t-container'><div class='ff-t-cell '><div class='ff-el-group ff-el-form-top'><div class=\"ff-el-input--label asterisk-right\"><label for='ff_3_names_1_first_name_' id='label_ff_3_names_1_first_name_' >Pr\u00e9nom<\/label><\/div><div class='ff-el-input--content'><input type=\"text\" name=\"names_1[first_name]\" id=\"ff_3_names_1_first_name_\" class=\"ff-el-form-control\" placeholder=\"Saisissez votre pr\u00e9nom\" aria-invalid=\"false\" aria-required=false><\/div><\/div><\/div><div class='ff-t-cell '><div class='ff-el-group ff-el-form-top'><div class=\"ff-el-input--label asterisk-right\"><label for='ff_3_names_1_last_name_' id='label_ff_3_names_1_last_name_' >Nom de famille<\/label><\/div><div class='ff-el-input--content'><input type=\"text\" name=\"names_1[last_name]\" id=\"ff_3_names_1_last_name_\" class=\"ff-el-form-control\" placeholder=\"Saisissez votre nom de famille\" aria-invalid=\"false\" aria-required=false><\/div><\/div><\/div><\/div><\/div><div class='ff-el-group'><div class=\"ff-el-input--label ff-el-is-required asterisk-right\"><label for='ff_3_email' id='label_ff_3_email' aria-label=\"E-mail\">E-mail<\/label><\/div><div class='ff-el-input--content'><input type=\"email\" name=\"email\" id=\"ff_3_email\" class=\"ff-el-form-control\" placeholder=\"Email Address\" data-name=\"email\"  aria-invalid=\"false\" aria-required=true><\/div><\/div><div class='ff-el-group'><div class=\"ff-el-input--label ff-el-is-required asterisk-right\"><label for='ff_3_input_text' id='label_ff_3_input_text' aria-label=\"Num\u00e9ro de t\u00e9l\u00e9phone :\">Num\u00e9ro de t\u00e9l\u00e9phone :<\/label><\/div><div class='ff-el-input--content'><input type=\"text\" name=\"input_text\" class=\"ff-el-form-control\" data-name=\"input_text\" id=\"ff_3_input_text\"  aria-invalid=\"false\" aria-required=true><\/div><\/div><div class='ff-el-group'><div class=\"ff-el-input--label ff-el-is-required asterisk-right\"><label for='ff_3_dropdown' id='label_ff_3_dropdown' aria-label=\"Liste d\u00e9roulante\">Liste d\u00e9roulante<\/label><\/div><div class='ff-el-input--content'><select name=\"dropdown\" id=\"ff_3_dropdown\" class=\"ff-el-form-control  ff_has_multi_select\" data-name=\"dropdown\" data-calc_value=\"0\"  aria-invalid=\"false\" aria-required=\"true\" aria-labelledby=\"label_ff_3_dropdown\"><option value=\"\">- Select -<\/option><option value=\"Assurance habitation\"  >Assurance habitation<\/option><option value=\"Assurance Automobile\"  >Assurance Automobile<\/option><option value=\"Assurance Moto\"  >Assurance Moto<\/option><option value=\"Assurance Responsabilit\u00e9 Civile Professionnelle\"  >Assurance Responsabilit\u00e9 Civile Professionnelle<\/option><option value=\"Assurance Multirisque Professionnelle\"  >Assurance Multirisque Professionnelle<\/option><option value=\"Assurance cyber-risques \/ cyber assurance \"  >Assurance cyber-risques \/ cyber assurance<\/option><option value=\"Assurance D\u00e9cennale\"  >Assurance D\u00e9cennale<\/option><option value=\"Assurance Vie \/ Pr\u00e9voyance\"  >Assurance Vie \/ Pr\u00e9voyance<\/option><option value=\"Assurance protection juridique\"  >Assurance protection juridique<\/option><\/select><\/div><\/div><div class='ff-el-group'><div class=\"ff-el-input--label asterisk-right\"><label for='ff_3_description' id='label_ff_3_description' aria-label=\"Zone de texte\">Zone de texte<\/label><\/div><div class='ff-el-input--content'><textarea aria-required=\"false\" aria-labelledby=\"label_ff_3_description\" name=\"description\" id=\"ff_3_description\" class=\"ff-el-form-control\" rows=\"3\" cols=\"2\" data-name=\"description\" ><\/textarea><\/div><\/div><div class='ff-el-group ff-text-left ff_submit_btn_wrapper'><button type=\"submit\" class=\"ff-btn ff-btn-submit ff-btn-md ff_btn_style\"  aria-label=\"ENVOYER\">ENVOYER<\/button><\/div><\/fieldset><\/form><div id='fluentform_3_errors' class='ff-errors-in-stack ff_form_instance_3_1 ff-form-loading_errors ff_form_instance_3_1_errors'><\/div><\/div>            <script type=\"text\/javascript\">\n                window.fluent_form_ff_form_instance_3_1 = {\"id\":\"3\",\"settings\":{\"layout\":{\"labelPlacement\":\"top\",\"asteriskPlacement\":\"asterisk-right\",\"helpMessagePlacement\":\"with_label\",\"errorMessagePlacement\":\"inline\",\"cssClassName\":\"\"},\"restrictions\":{\"denyEmptySubmission\":{\"enabled\":false}}},\"form_instance\":\"ff_form_instance_3_1\",\"form_id_selector\":\"fluentform_3\",\"rules\":{\"names_1[first_name]\":{\"required\":{\"value\":false,\"message\":\"Ce champ est obligatoire\",\"global_message\":\"Ce champ est obligatoire\",\"global\":true}},\"names_1[middle_name]\":{\"required\":{\"value\":false,\"message\":\"Ce champ est obligatoire\",\"global_message\":\"Ce champ est obligatoire\",\"global\":true}},\"names_1[last_name]\":{\"required\":{\"value\":false,\"message\":\"Ce champ est obligatoire\",\"global_message\":\"Ce champ est obligatoire\",\"global\":true}},\"email\":{\"required\":{\"value\":true,\"message\":\"Ce champ est obligatoire\",\"global_message\":\"Ce champ est obligatoire\",\"global\":true},\"email\":{\"value\":true,\"message\":\"Ce champ doit contenir un e-mail valide\",\"global_message\":\"Ce champ doit contenir un e-mail valide\",\"global\":true}},\"input_text\":{\"required\":{\"value\":true,\"message\":\"Ce champ est obligatoire\",\"global_message\":\"Ce champ est obligatoire\",\"global\":true}},\"dropdown\":{\"required\":{\"value\":true,\"message\":\"Ce champ est obligatoire\",\"global_message\":\"Ce champ est obligatoire\",\"global\":true}},\"description\":{\"required\":{\"value\":false,\"message\":\"Ce champ est obligatoire\",\"global_message\":\"Ce champ est obligatoire\",\"global\":true}}},\"debounce_time\":300};\n                            <\/script>\n            \n","protected":false},"excerpt":{"rendered":"","protected":false},"author":1,"featured_media":0,"parent":0,"menu_order":0,"comment_status":"closed","ping_status":"open","template":"","meta":{"_themeisle_gutenberg_block_has_review":false,"footnotes":""},"class_list":["post-2","page","type-page","status-publish","hentry"],"_links":{"self":[{"href":"https:\/\/freeassur.fr\/index.php?rest_route=\/wp\/v2\/pages\/2","targetHints":{"allow":["GET"]}}],"collection":[{"href":"https:\/\/freeassur.fr\/index.php?rest_route=\/wp\/v2\/pages"}],"about":[{"href":"https:\/\/freeassur.fr\/index.php?rest_route=\/wp\/v2\/types\/page"}],"author":[{"embeddable":true,"href":"https:\/\/freeassur.fr\/index.php?rest_route=\/wp\/v2\/users\/1"}],"replies":[{"embeddable":true,"href":"https:\/\/freeassur.fr\/index.php?rest_route=%2Fwp%2Fv2%2Fcomments&post=2"}],"version-history":[{"count":3,"href":"https:\/\/freeassur.fr\/index.php?rest_route=\/wp\/v2\/pages\/2\/revisions"}],"predecessor-version":[{"id":226,"href":"https:\/\/freeassur.fr\/index.php?rest_route=\/wp\/v2\/pages\/2\/revisions\/226"}],"wp:attachment":[{"href":"https:\/\/freeassur.fr\/index.php?rest_route=%2Fwp%2Fv2%2Fmedia&parent=2"}],"curies":[{"name":"wp","href":"https:\/\/api.w.org\/{rel}","templated":true}]}}