{"id":268,"date":"2025-12-03T20:37:26","date_gmt":"2025-12-03T20:37:26","guid":{"rendered":"https:\/\/freeassur.fr\/?page_id=268"},"modified":"2025-12-04T14:03:08","modified_gmt":"2025-12-04T14:03:08","slug":"assurance-automobile","status":"publish","type":"page","link":"https:\/\/freeassur.fr\/?page_id=268","title":{"rendered":"Assurance Automobile"},"content":{"rendered":"\t\t<div data-elementor-type=\"wp-page\" data-elementor-id=\"268\" class=\"elementor elementor-268\">\n\t\t\t\t<div class=\"elementor-element elementor-element-5d6cfc3 e-flex e-con-boxed e-con e-parent\" data-id=\"5d6cfc3\" data-element_type=\"container\">\n\t\t\t\t\t<div class=\"e-con-inner\">\n\t\t\t\t<div class=\"elementor-element elementor-element-e15b171 elementor-widget elementor-widget-image\" data-id=\"e15b171\" data-element_type=\"widget\" data-widget_type=\"image.default\">\n\t\t\t\t\t\t\t\t\t\t\t\t\t\t\t<img fetchpriority=\"high\" decoding=\"async\" width=\"1024\" height=\"683\" src=\"https:\/\/freeassur.fr\/wp-content\/uploads\/2025\/12\/ChatGPT-Image-4-dec.-2025-14_30_12-1024x683.png\" class=\"attachment-large size-large wp-image-321\" alt=\"\" srcset=\"https:\/\/freeassur.fr\/wp-content\/uploads\/2025\/12\/ChatGPT-Image-4-dec.-2025-14_30_12-1024x683.png 1024w, https:\/\/freeassur.fr\/wp-content\/uploads\/2025\/12\/ChatGPT-Image-4-dec.-2025-14_30_12-300x200.png 300w, https:\/\/freeassur.fr\/wp-content\/uploads\/2025\/12\/ChatGPT-Image-4-dec.-2025-14_30_12-768x512.png 768w, https:\/\/freeassur.fr\/wp-content\/uploads\/2025\/12\/ChatGPT-Image-4-dec.-2025-14_30_12.png 1536w\" sizes=\"(max-width: 1024px) 100vw, 1024px\" \/>\t\t\t\t\t\t\t\t\t\t\t\t\t\t\t<\/div>\n\t\t\t\t\t<\/div>\n\t\t\t\t<\/div>\n\t\t<div class=\"elementor-element elementor-element-bd41517 e-flex e-con-boxed e-con e-parent\" data-id=\"bd41517\" data-element_type=\"container\">\n\t\t\t\t\t<div class=\"e-con-inner\">\n\t\t\t\t<div class=\"elementor-element elementor-element-daa3ff4 elementor-widget__width-initial elementor-widget elementor-widget-obfx-pricing-table\" data-id=\"daa3ff4\" data-element_type=\"widget\" data-widget_type=\"obfx-pricing-table.default\">\n\t\t\t\t<div class=\"elementor-widget-container\">\n\t\t\t\t\t<div class=\"obfx-pricing-table-wrapper\"><div class=\"obfx-title-wrapper\"><h3 class=\"obfx-pricing-table-title\">DEVIS AUTO<\/h3><\/div> <!-- \/.obfx-title-wrapper --><ul class=\"obfx-feature-list\"><li><i class=\"obfx-pricing-table-feature-icon fas fa-star\" aria-hidden=\"true\"><\/i><span class=\"obfx-pricing-table-accented\">Conduire en toute s\u00e9r\u00e9nit\u00e9<\/span> <\/li><li><i class=\"obfx-pricing-table-feature-icon fas fa-star\" aria-hidden=\"true\"><\/i><span class=\"obfx-pricing-table-accented\">\u00catre prot\u00e9g\u00e9 en cas d\u2019impr\u00e9vu<\/span> <\/li><li><i class=\"obfx-pricing-table-feature-icon fas fa-star\" aria-hidden=\"true\"><\/i><span class=\"obfx-pricing-table-accented\">Respecter la loi et rouler en r\u00e8gle<\/span> <\/li><\/ul><div class=\"obfx-pricing-table-button-wrapper\"><a class=\"obfx-pricing-table-button\" href=\"https:\/\/freeassur.fr\/?page_id=322&#038;preview=true\"><span class=\"obfx-button-icon-align-left\" ><i class=\"\" aria-hidden=\"true\"><\/i><\/span><span class=\"elementor-button-text\">DEVIS<\/span><\/a><\/div> <!-- \/.obfx-pricing-table-button-wrapper --><\/div> <!-- \/.obfx-pricing-table-wrapper -->\t\t\t\t<\/div>\n\t\t\t\t<\/div>\n\t\t\t\t\t<\/div>\n\t\t\t\t<\/div>\n\t\t<div class=\"elementor-element elementor-element-c3d5115 e-grid e-con-boxed e-con e-parent\" data-id=\"c3d5115\" data-element_type=\"container\">\n\t\t\t\t\t<div class=\"e-con-inner\">\n\t\t\t\t<div class=\"elementor-element elementor-element-820ebaa elementor-position-top elementor-widget elementor-widget-image-box\" data-id=\"820ebaa\" data-element_type=\"widget\" data-widget_type=\"image-box.default\">\n\t\t\t\t\t<div class=\"elementor-image-box-wrapper\"><figure class=\"elementor-image-box-img\"><img decoding=\"async\" width=\"768\" height=\"512\" src=\"https:\/\/freeassur.fr\/wp-content\/uploads\/2025\/12\/ChatGPT-Image-4-dec.-2025-14_47_18-768x512.png\" class=\"attachment-medium_large size-medium_large wp-image-324\" alt=\"\" srcset=\"https:\/\/freeassur.fr\/wp-content\/uploads\/2025\/12\/ChatGPT-Image-4-dec.-2025-14_47_18-768x512.png 768w, https:\/\/freeassur.fr\/wp-content\/uploads\/2025\/12\/ChatGPT-Image-4-dec.-2025-14_47_18-300x200.png 300w, https:\/\/freeassur.fr\/wp-content\/uploads\/2025\/12\/ChatGPT-Image-4-dec.-2025-14_47_18-1024x683.png 1024w, https:\/\/freeassur.fr\/wp-content\/uploads\/2025\/12\/ChatGPT-Image-4-dec.-2025-14_47_18.png 1536w\" sizes=\"(max-width: 768px) 100vw, 768px\" \/><\/figure><div class=\"elementor-image-box-content\"><h3 class=\"elementor-image-box-title\"><span style=\"font-family: Manrope, sans-serif;font-size: 20px;font-weight: 600\">Accompagnement sur mesure<\/span><\/h3><p class=\"elementor-image-box-description\">D\u00e8s votre arriv\u00e9e, un expert vous guide pour trouver l\u2019assurance parfaitement adapt\u00e9e \u00e0 votre profil.\nChez FREE ASSUR, nous construisons des solutions sur-mesure pour chaque conducteur.<\/p><\/div><\/div>\t\t\t\t<\/div>\n\t\t\t\t<div class=\"elementor-element elementor-element-0490e48 elementor-position-top elementor-widget elementor-widget-image-box\" data-id=\"0490e48\" data-element_type=\"widget\" data-widget_type=\"image-box.default\">\n\t\t\t\t\t<div class=\"elementor-image-box-wrapper\"><figure class=\"elementor-image-box-img\"><img decoding=\"async\" src=\"https:\/\/freeassur.fr\/wp-content\/uploads\/elementor\/thumbs\/ChatGPT-Image-4-dec.-2025-14_56_06-rfnx0sc2cunkoaqy3527z6zwd4o8vqgpc8lm5a2huw.png\" title=\"ChatGPT Image 4 d\u00e9c. 2025, 14_56_06\" alt=\"ChatGPT Image 4 d\u00e9c. 2025, 14_56_06\" loading=\"lazy\" \/><\/figure><div class=\"elementor-image-box-content\"><h3 class=\"elementor-image-box-title\"><span style=\"font-family: Manrope, sans-serif;font-size: 20px;font-weight: 600\">Solutions accessibles<\/span><\/h3><p class=\"elementor-image-box-description\">Des offres con\u00e7ues pour tous les profils et tous les budgets. Malus ou r\u00e9siliation ? Vous m\u00e9ritez toujours une solution claire, rapide et efficace.<\/p><\/div><\/div>\t\t\t\t<\/div>\n\t\t\t\t<div class=\"elementor-element elementor-element-769287e elementor-position-top elementor-widget elementor-widget-image-box\" data-id=\"769287e\" data-element_type=\"widget\" data-widget_type=\"image-box.default\">\n\t\t\t\t\t<div class=\"elementor-image-box-wrapper\"><figure class=\"elementor-image-box-img\"><img decoding=\"async\" width=\"150\" height=\"150\" src=\"https:\/\/freeassur.fr\/wp-content\/uploads\/2025\/12\/ChatGPT-Image-4-dec.-2025-15_01_10-150x150.png\" class=\"attachment-thumbnail size-thumbnail wp-image-326\" alt=\"\" \/><\/figure><div class=\"elementor-image-box-content\"><h3 class=\"elementor-image-box-title\"><span style=\"font-family: Manrope, sans-serif;font-size: 20px;font-weight: 600\">Fin du parcours du combattant<\/span><\/h3><p class=\"elementor-image-box-description\">Les refus, c\u2019est termin\u00e9 : nous vous accompagnons vers une assurance simple et accessible. Pendant que nous g\u00e9rons les d\u00e9marches, vous retrouvez la route en toute s\u00e9r\u00e9nit\u00e9.<\/p><\/div><\/div>\t\t\t\t<\/div>\n\t\t\t\t\t<\/div>\n\t\t\t\t<\/div>\n\t\t\t\t<\/div>\n\t\t","protected":false},"excerpt":{"rendered":"<p>DEVIS AUTO Conduire en toute s\u00e9r\u00e9nit\u00e9 \u00catre prot\u00e9g\u00e9 en cas d\u2019impr\u00e9vu Respecter la loi et rouler en r\u00e8gle DEVIS Accompagnement sur mesure D\u00e8s votre arriv\u00e9e, un expert vous guide pour trouver l\u2019assurance parfaitement adapt\u00e9e \u00e0 votre profil. Chez FREE ASSUR, nous construisons des solutions sur-mesure pour chaque conducteur. Solutions accessibles Des offres con\u00e7ues pour tous [&hellip;]<\/p>\n","protected":false},"author":1,"featured_media":0,"parent":0,"menu_order":0,"comment_status":"closed","ping_status":"closed","template":"","meta":{"_themeisle_gutenberg_block_has_review":false,"footnotes":""},"class_list":["post-268","page","type-page","status-publish","hentry"],"_links":{"self":[{"href":"https:\/\/freeassur.fr\/index.php?rest_route=\/wp\/v2\/pages\/268","targetHints":{"allow":["GET"]}}],"collection":[{"href":"https:\/\/freeassur.fr\/index.php?rest_route=\/wp\/v2\/pages"}],"about":[{"href":"https:\/\/freeassur.fr\/index.php?rest_route=\/wp\/v2\/types\/page"}],"author":[{"embeddable":true,"href":"https:\/\/freeassur.fr\/index.php?rest_route=\/wp\/v2\/users\/1"}],"replies":[{"embeddable":true,"href":"https:\/\/freeassur.fr\/index.php?rest_route=%2Fwp%2Fv2%2Fcomments&post=268"}],"version-history":[{"count":4,"href":"https:\/\/freeassur.fr\/index.php?rest_route=\/wp\/v2\/pages\/268\/revisions"}],"predecessor-version":[{"id":329,"href":"https:\/\/freeassur.fr\/index.php?rest_route=\/wp\/v2\/pages\/268\/revisions\/329"}],"wp:attachment":[{"href":"https:\/\/freeassur.fr\/index.php?rest_route=%2Fwp%2Fv2%2Fmedia&parent=268"}],"curies":[{"name":"wp","href":"https:\/\/api.w.org\/{rel}","templated":true}]}}